{"id":38,"date":"2016-02-22T14:05:46","date_gmt":"2016-02-22T14:05:46","guid":{"rendered":"http:\/\/seyb-cleebronn.com\/?page_id=38"},"modified":"2024-04-30T15:41:37","modified_gmt":"2024-04-30T13:41:37","slug":"wir-ueber-uns","status":"publish","type":"page","link":"http:\/\/seyb-cleebronn.de\/?page_id=38","title":{"rendered":"Wir \u00fcber uns"},"content":{"rendered":"<p>Wir &#8211; die Firma Seyb GmbH &#8211;\u00a0sind ein Familienunternehmen mit langer Tradition.<\/p>\n<p>Das Familienunternehmen\u00a0wurde am 12. Mai 1949 von\u00a0Richard Seyb\u00a0in der Hauptstra\u00dfe 24 als Flaschnerei und Installationsbetrieb gegr\u00fcndet.\u00a0Im Jahre 1971 \u00fcbernahm Bruno Seyb die Verantwortung. Nach dem Tod des Vaters erwarb im Jahre 1978 der damals 26-j\u00e4hrige Bruno Seyb und der 22-j\u00e4hrige Lothar Seyb das jetzige Anwesen in der Hindenburgstra\u00dfe 35. Herr Lothar Seyb ist seit 1981 im Betrieb. Mit viel\u00a0Einsatz haben Bruno Seyb und seine tatkr\u00e4ftig mitarbeitende Ehefrau Margit sowie Bruder Lothar Seyb das urspr\u00fcngliche Flaschnergesch\u00e4ft zu einem modernen Fachbetrieb f\u00fcr Heizungs-, L\u00fcftungs- und Sanit\u00e4rtechnik sowie Ingenieurb\u00fcro weiter entwickelt. Die r\u00e4umliche Enge und der unzweckm\u00e4\u00dfige Zuschnitt des Alten Geb\u00e4udes f\u00fchrten dazu, dass 1999 komplette Umbau bzw. Neubauma\u00dfnahmen durchgef\u00fchrt wurden. In diesem Zuge wurde auch der \u00fcber 200qm gro\u00dfe Ausstellungsraum geschaffen. Eine Ausstellung in dieser Gr\u00f6\u00dfe ist meist nur in gr\u00f6\u00dferen St\u00e4dten zu finden.<br \/>\nMittlerweile ist das Unternehmen in der dritten Generation in Cleebronn ans\u00e4ssig und hat insgesamt 12 Mitarbeiter besch\u00e4ftigt.<br \/>\nSeit \u00fcber 75 Jahren stehen wir unseren Kunden mit Rat und Tat zur Seite.<br \/>\nDie Firma\u00a0Seyb GmbH\u00a0verbindet handwerkliche Tradition mit neuester Technik.<\/p>\n<p>Ob Wartungsarbeiten, Kundendienst oder Notdienst, mit unserem Service sind wir immer f\u00fcr Sie da. Wir wollen Ihnen von der Planungsphase bis zum Abschluss der Arbeiten partnerschaftlich und kompetent zur Seite stehen. Daher betrachten wir alle Bereiche \u2013 Beratung, Projektierung, Installation und Service \u2013 als ein Gesamtprodukt.<\/p>\n<p>Entscheidend f\u00fcr uns ist die N\u00e4he zum Kunden, daher legen wir Wert auf best\u00e4ndige Kundenkontakte und eine enge Zusammenarbeit. Die individuellen W\u00fcnsche und die an uns gestellten Anforderungen stehen dabei immer im Mittelpunkt. Wir denken und handeln zukunftsorientiert, flexibel und sind offen f\u00fcr Ihre Vorstellungen. St\u00e4ndige Weiterentwicklung spielt f\u00fcr uns eine wesentliche Rolle. Damit verf\u00fcgen wir heute \u00fcber eine optimale Qualifizierung aller Mitarbeiter und modernste technische Ausstattung, damit der Umsetzung Ihrer Ideen keine Grenzen gesetzt sind.<br \/>\nQualit\u00e4t, Zuverl\u00e4ssigkeit und Kundenzufriedenheit haben bei uns stets oberste Priorit\u00e4t. Jetzt &#8211; und auch in Zukunft.<\/p>\n<p>Zusammen mit unseren Kunden entwickeln wir individuelle L\u00f6sungen f\u00fcr jeden Bedarf. Bei uns sind Sie also in jedem Fall an der richtigen Adresse.<\/p>\n<p>Informieren Sie sich gern umfassend auf unserer Website und kommen Sie bei Fragen oder Beratungsw\u00fcnschen jederzeit sehr gern auf uns zu.<\/p>\n<p>Der einwandfreie Betrieb Ihrer Heizungsanlage wird Ihnen, durch unseren fach- und sachkundigen <a href=\"http:\/\/seyb-cleebronn.com\/?page_id=56\">Kundendienst<\/a> gew\u00e4hrleistet.<br \/>\nWir\u00a0freuen uns\u00a0f\u00fcr Sie arbeiten zu d\u00fcrfen.<\/p>\n<p><a href=\"http:\/\/Impressum\" data-wplink-url-error=\"true\">http:\/\/Impressum<\/a><\/p>\n<p><a href=\"http:\/\/Startseite\" data-wplink-url-error=\"true\">http:\/\/Startseite<\/a><\/p>\n","protected":false},"excerpt":{"rendered":"<p>Wir &#8211; die Firma Seyb GmbH &#8211;\u00a0sind ein Familienunternehmen mit langer Tradition. Das Familienunternehmen\u00a0wurde am 12. Mai 1949 von\u00a0Richard Seyb\u00a0in der Hauptstra\u00dfe 24 als Flaschnerei und Installationsbetrieb gegr\u00fcndet.\u00a0Im Jahre 1971&#8230; <a href=\"http:\/\/seyb-cleebronn.de\/?page_id=38\">Read more &raquo;<\/a><\/p>\n","protected":false},"author":1,"featured_media":0,"parent":0,"menu_order":3,"comment_status":"closed","ping_status":"closed","template":"page-templates\/full-width.php","meta":{"footnotes":""},"class_list":["post-38","page","type-page","status-publish","hentry"],"_links":{"self":[{"href":"http:\/\/seyb-cleebronn.de\/index.php?rest_route=\/wp\/v2\/pages\/38","targetHints":{"allow":["GET"]}}],"collection":[{"href":"http:\/\/seyb-cleebronn.de\/index.php?rest_route=\/wp\/v2\/pages"}],"about":[{"href":"http:\/\/seyb-cleebronn.de\/index.php?rest_route=\/wp\/v2\/types\/page"}],"author":[{"embeddable":true,"href":"http:\/\/seyb-cleebronn.de\/index.php?rest_route=\/wp\/v2\/users\/1"}],"replies":[{"embeddable":true,"href":"http:\/\/seyb-cleebronn.de\/index.php?rest_route=%2Fwp%2Fv2%2Fcomments&post=38"}],"version-history":[{"count":9,"href":"http:\/\/seyb-cleebronn.de\/index.php?rest_route=\/wp\/v2\/pages\/38\/revisions"}],"predecessor-version":[{"id":1008,"href":"http:\/\/seyb-cleebronn.de\/index.php?rest_route=\/wp\/v2\/pages\/38\/revisions\/1008"}],"wp:attachment":[{"href":"http:\/\/seyb-cleebronn.de\/index.php?rest_route=%2Fwp%2Fv2%2Fmedia&parent=38"}],"curies":[{"name":"wp","href":"https:\/\/api.w.org\/{rel}","templated":true}]}}